{"id":73584,"date":"2018-11-14T10:34:55","date_gmt":"2018-11-14T09:34:55","guid":{"rendered":"http:\/\/sand-rau.com\/wp\/?page_id=73584"},"modified":"2026-03-29T09:34:42","modified_gmt":"2026-03-29T07:34:42","slug":"home","status":"publish","type":"page","link":"https:\/\/rau-entsorgungszentrum.de\/wp\/","title":{"rendered":"Home"},"content":{"rendered":"<div class=\"wpb-content-wrapper\"><p>[vc_row unlock_row=&#8220;&#8220; row_height_percent=&#8220;0&#8243; override_padding=&#8220;yes&#8220; h_padding=&#8220;0&#8243; top_padding=&#8220;2&#8243; bottom_padding=&#8220;2&#8243; back_color=&#8220;color-202097&#8243; overlay_alpha=&#8220;100&#8243; gutter_size=&#8220;3&#8243; column_width_percent=&#8220;100&#8243; shift_y=&#8220;0&#8243; z_index=&#8220;0&#8243; style=&#8220;inherited&#8220;][vc_column width=&#8220;1\/3&#8243;][\/vc_column][vc_column width=&#8220;1\/3&#8243;][vc_custom_heading text_color=&#8220;accent&#8220; text_font=&#8220;font-762333&#8243; text_size=&#8220;&#8220; text_space=&#8220;fontspace-111509&#8243;][\/vc_custom_heading][vc_custom_heading text_color=&#8220;accent&#8220; heading_semantic=&#8220;h1&#8243; text_font=&#8220;font-762333&#8243; text_space=&#8220;fontspace-111509&#8243; desktop_visibility=&#8220;yes&#8220; medium_visibility=&#8220;yes&#8220; mobile_visibility=&#8220;yes&#8220; uncode_shortcode_id=&#8220;929909&#8243; text_color_type=&#8220;uncode-palette&#8220;]Ge\u00e4nderte \u00d6ffnungszeiten w\u00e4hrend der Sommersaison[\/vc_custom_heading][vc_custom_heading text_color=&#8220;color-xsdn&#8220; heading_semantic=&#8220;p&#8220; text_font=&#8220;font-762333&#8243; text_size=&#8220;&#8220; desktop_visibility=&#8220;yes&#8220; medium_visibility=&#8220;yes&#8220; mobile_visibility=&#8220;yes&#8220; uncode_shortcode_id=&#8220;329773&#8243; text_color_type=&#8220;uncode-palette&#8220;]Ab dem 26.03.2022:<br \/>\nJeden Samstag von 08.00 &#8211; 12.00 Uhr.<\/p>\n<p>&nbsp;<\/p>\n<p><span style=\"color: #808080;\">&#8211; Letzte Einwiegung um 11.45 Uhr<\/span><br \/>\n<span style=\"color: #808080;\">&#8211; Betontankstelle ist bis 11.30 Uhr ge\u00f6ffnet<\/span>[\/vc_custom_heading][vc_custom_heading text_color=&#8220;accent&#8220; heading_semantic=&#8220;h1&#8243; text_font=&#8220;font-762333&#8243; text_size=&#8220;fontsize-338686&#8243; text_space=&#8220;fontspace-111509&#8243;]Info![\/vc_custom_heading][vc_custom_heading text_color=&#8220;accent&#8220; text_font=&#8220;font-762333&#8243; text_size=&#8220;&#8220; text_space=&#8220;fontspace-111509&#8243;][\/vc_custom_heading][vc_custom_heading text_color=&#8220;color-xsdn&#8220; heading_semantic=&#8220;p&#8220; text_font=&#8220;font-762333&#8243; text_size=&#8220;&#8220; uncode_shortcode_id=&#8220;186695&#8243; text_color_type=&#8220;uncode-palette&#8220;]Ab sofort gibt es eine neue Kleinmengenregelung\u00a0 f\u00fcr Privatkunden und Kleinanlieferer.<\/p>\n<p>&nbsp;<\/p>\n<p><span style=\"color: #808080;\">Siehe Preisliste Mindermenge \/<\/span> <a href=\"https:\/\/rau-entsorgungszentrum.de\/wp\/wp-content\/uploads\/2024\/09\/RAU_KleinmengRegel_Sept24.pdf\" target=\"_blank\" rel=\"noopener noreferrer\">Klick pdf<\/a>[\/vc_custom_heading][vc_custom_heading text_color=&#8220;color-xsdn&#8220; heading_semantic=&#8220;p&#8220; text_font=&#8220;font-762333&#8243; text_size=&#8220;&#8220;][\/vc_custom_heading][vc_custom_heading text_color=&#8220;accent&#8220; heading_semantic=&#8220;h1&#8243; text_font=&#8220;font-762333&#8243; text_space=&#8220;fontspace-111509&#8243; uncode_shortcode_id=&#8220;114277&#8243; text_color_type=&#8220;uncode-palette&#8220;]Neue Annahmekriterien f\u00fcr KMF- Mindermengen &#8211; Anlieferungen<br \/>\n[\/vc_custom_heading][vc_custom_heading text_color=&#8220;color-xsdn&#8220; heading_semantic=&#8220;p&#8220; text_font=&#8220;font-762333&#8243; text_size=&#8220;&#8220; uncode_shortcode_id=&#8220;630726&#8243; text_color_type=&#8220;uncode-palette&#8220;]<span style=\"color: #000000;\">HINWEIS: Das KMF-Material darf nur verpackt angeliefert werden!<\/span>[\/vc_custom_heading][vc_custom_heading text_color=&#8220;color-xsdn&#8220; heading_semantic=&#8220;p&#8220; text_font=&#8220;font-762333&#8243; text_size=&#8220;&#8220;]Ab sofort werden Kleinmengen von D\u00e4mmmaterial gef\u00e4hrlich (KMF), sowie Steinwolle bis 15Kg mit 25,00\u20ac brutto inkl. LfU- Geb\u00fchr pauschal abgerechnet.<br \/>\nGewichte \u00fcber 15Kg werden wie bisher gehandhabt.[\/vc_custom_heading][vc_custom_heading text_color=&#8220;accent&#8220; heading_semantic=&#8220;h1&#8243; text_font=&#8220;font-762333&#8243; text_space=&#8220;fontspace-111509&#8243;]Neue Annahmekriterien f\u00fcr Asbest- Mindermengen &#8211; Anlieferungen[\/vc_custom_heading][vc_custom_heading text_color=&#8220;color-xsdn&#8220; heading_semantic=&#8220;p&#8220; text_font=&#8220;font-762333&#8243; text_size=&#8220;&#8220;]Ab sofort werden Kleinmengen von Asbesthaltigen Baustoffen (feste Stoffe), bis 15Kg mit 25,00\u20ac brutto inkl. LfU- Geb\u00fchr pauschal abgerechnet.<br \/>\nGewichte \u00fcber 15Kg werden wie bisher gehandhabt.[\/vc_custom_heading][\/vc_column][vc_column width=&#8220;1\/3&#8243;][\/vc_column][\/vc_row]<\/p>\n<\/div>","protected":false},"excerpt":{"rendered":"<p>[vc_row unlock_row=&#8220;&#8220; row_height_percent=&#8220;0&#8243; override_padding=&#8220;yes&#8220; h_padding=&#8220;0&#8243; top_padding=&#8220;2&#8243; bottom_padding=&#8220;2&#8243; back_color=&#8220;color-202097&#8243; overlay_alpha=&#8220;100&#8243; gutter_size=&#8220;3&#8243; column_width_percent=&#8220;100&#8243; shift_y=&#8220;0&#8243; z_index=&#8220;0&#8243; style=&#8220;inherited&#8220;][vc_column width=&#8220;1\/3&#8243;][\/vc_column][vc_column width=&#8220;1\/3&#8243;][vc_custom_heading text_color=&#8220;accent&#8220; text_font=&#8220;font-762333&#8243; text_size=&#8220;&#8220; text_space=&#8220;fontspace-111509&#8243;][\/vc_custom_heading][vc_custom_heading [&hellip;]<\/p>\n","protected":false},"author":1,"featured_media":0,"parent":0,"menu_order":0,"comment_status":"open","ping_status":"open","template":"","meta":{"footnotes":""},"class_list":["post-73584","page","type-page","status-publish","hentry","page_category-rau"],"_links":{"self":[{"href":"https:\/\/rau-entsorgungszentrum.de\/wp\/wp-json\/wp\/v2\/pages\/73584","targetHints":{"allow":["GET"]}}],"collection":[{"href":"https:\/\/rau-entsorgungszentrum.de\/wp\/wp-json\/wp\/v2\/pages"}],"about":[{"href":"https:\/\/rau-entsorgungszentrum.de\/wp\/wp-json\/wp\/v2\/types\/page"}],"author":[{"embeddable":true,"href":"https:\/\/rau-entsorgungszentrum.de\/wp\/wp-json\/wp\/v2\/users\/1"}],"replies":[{"embeddable":true,"href":"https:\/\/rau-entsorgungszentrum.de\/wp\/wp-json\/wp\/v2\/comments?post=73584"}],"version-history":[{"count":69,"href":"https:\/\/rau-entsorgungszentrum.de\/wp\/wp-json\/wp\/v2\/pages\/73584\/revisions"}],"predecessor-version":[{"id":76693,"href":"https:\/\/rau-entsorgungszentrum.de\/wp\/wp-json\/wp\/v2\/pages\/73584\/revisions\/76693"}],"wp:attachment":[{"href":"https:\/\/rau-entsorgungszentrum.de\/wp\/wp-json\/wp\/v2\/media?parent=73584"}],"curies":[{"name":"wp","href":"https:\/\/api.w.org\/{rel}","templated":true}]}}